{"id":49,"date":"2010-03-03T20:58:03","date_gmt":"2010-03-03T20:58:03","guid":{"rendered":"http:\/\/www.patrickglandorf.com\/?page_id=49"},"modified":"2012-08-11T16:16:12","modified_gmt":"2012-08-11T16:16:12","slug":"die-organisation","status":"publish","type":"page","link":"http:\/\/www.patrickglandorf.com\/?page_id=49","title":{"rendered":"Die Organisation"},"content":{"rendered":"<h3 style=\"text-align: left;\">weltw\u00e4rts\u00a0&#8211; Der entwicklungspolitische Freiwilligendienst<\/h3>\n<p><strong>weltw\u00e4rts<\/strong> ist der entwicklungspolitische Freiwilligendienst des Bundesministeriums f\u00fcr wirtschaftliche Zusammenarbeit und  Entwicklung (BMZ). Immer mehr junge Menschen in Deutschland wollen nach Schule oder  Ausbildung einen Freiwilligendienst in Afrika, Lateinamerika, Osteuropa  oder Asien absolvieren. In einer Welt, in der globale Verantwortung und  interkulturelle Zusammenarbeit immer wichtiger werden, hat der Dienst in  einem Entwicklungsland unsch\u00e4tzbaren Wert: Von und mit anderen zu  lernen, benachteiligten Menschen zu helfen und Verantwortung f\u00fcr eine  nachhaltige Entwicklung zu \u00fcbernehmen. Die Nachfrage \u00fcbersteigt derzeit  die Zahl der Einsatzpl\u00e4tze bei weitem. Und f\u00fcr viele junge Menschen ist  die notwendige Kostenbeteiligung eine hohe H\u00fcrde. Daher wurde  das F\u00f6rderprogramm weltw\u00e4rts ins Leben gerufen. Mit einem j\u00e4hrlichen  Finanzvolumen von 70 Millionen Euro werden damit seit 2008 bis zu  10.000 Einsatzpl\u00e4tze pro Jahr erm\u00f6glicht.<\/p>\n<h3>Die Einsatzl\u00e4nder: Wohin geht es mit weltw\u00e4rts?<\/h3>\n<p>Im Prinzip kann es in alle Entwicklungsl\u00e4nder weltw\u00e4rts  gehen. Nach der L\u00e4nderliste der Organisation f\u00fcr wirtschaftliche  Zusammenarbeit und Entwicklung (OECD) z\u00e4hlen dazu Staaten in Asien,  Afrika, Lateinamerika und Osteuropa. Ein besonderer Schwerpunkt liegt  auf Afrika.<\/p>\n<h3>F\u00fcr wen ist weltw\u00e4rts?<\/h3>\n<p>Mit weltw\u00e4rts k\u00f6nnen junge Menschen im Alter von 18 bis 28 Jahren f\u00fcr  6 bis 24 Monate einen Freiwilligendienst in Entwicklungsl\u00e4ndern  leisten. Sie werden durch die Entsendeorganisationen intensiv auf ihren Einsatz vorbereitet und w\u00e4hrend der gesamten Zeit ihres  Freiwillgendiestes begleitet. Die Arbeitsfelder der Freiwilligen  umfassen das gesamte Themenspektrum der aktuellen Entwicklungszusammenarbeit.<\/p>\n<h2>Meine Entsendeorganisation:<\/h2>\n<p style=\"text-align: left;\"><strong>ICJA Freiwilligenaustausch weltweit<\/strong> ist ein gemeinn\u00fctziger  Verein, der ein weltweites Austauschprogramm f\u00fcr Freiwillige durchf\u00fchrt. Die Arbeit im ICJA wird zu einem gro\u00dfen Teil von Ehrenamtlichen  geleistet. Diese sind deutschlandweit organisiert in Regionalgruppen,  die die Betreuung der internationalen Freiwilligen vor Ort \u00fcbernehmen. Die Arbeit des ICJA wird bundesweit koordiniert von der Gesch\u00e4ftsstelle  in Berlin mit ca. 15 hauptamtlichen Mitarbeitern.<\/p>\n<p style=\"text-align: left;\">ICJA Freiwilligenaustausch weltweit leistet durch internationale  Begegnungen und interkulturelle Bildung praktische Friedensarbeit und  f\u00f6rdert gesellschaftspolitisches Engagement.<\/p>\n<h3>Geschichte<\/h3>\n<p>Der ICJA (damals: Internationaler Christlicher Jugendaustausch) wurde 1949\u00a0 gegr\u00fcndet. Als bilaterale Friedensaktion zwischen Deutschland und den  Vereinigten Staaten von Amerika sollte er nach dem Zweiten Weltkrieg zur  Vers\u00f6hnung zwischen den V\u00f6lkern beitragen.<\/p>\n<p>In den 60er und 70er Jahren wurde aus dem deutsch-amerikanischen  Sch\u00fcleraustausch ein weltweiter Jugendaustausch mit Partnerkomitees in  etwa 30 L\u00e4ndern auf allen f\u00fcnf Kontinenten. Die L\u00e4nderkomitees sind  zusammengeschlossen im internationalen Netzwerk ICYE (International Cultural  Youth Exchange). Der Nord-S\u00fcd-Austausch, der Freiwilligendienst in  gemeinn\u00fctzigen Projekten, interkulturelle Bildung, Entwicklungspolitik  und soziale Gerechtigkeit wurden zu den Schwerpunktthemen des ICJA.<\/p>\n<p>Die 90er und 2000er Jahre waren gepr\u00e4gt durch die Erweiterung und  Diversifizierung des Programmangebots (Anderer Dienst im Ausland, Europ\u00e4ischer Freiwilligendienst,  Internationale Freiwilligendienste  f\u00fcr alle Lebensphasen und\u00a0  Weltw\u00e4rts).  Der Internationale Christliche Jugendaustausch nennt sich nun zeitgem\u00e4\u00df:\u00a0 &#8222;ICJA  Freiwilligenaustausch weltweit&#8220;.<\/p>\n","protected":false},"excerpt":{"rendered":"<p>weltw\u00e4rts\u00a0&#8211; Der entwicklungspolitische Freiwilligendienst weltw\u00e4rts ist der entwicklungspolitische Freiwilligendienst des Bundesministeriums f\u00fcr wirtschaftliche Zusammenarbeit und Entwicklung (BMZ). Immer mehr junge Menschen in Deutschland wollen nach Schule oder Ausbildung einen Freiwilligendienst in Afrika, Lateinamerika, Osteuropa oder Asien absolvieren. In einer Welt, in der globale Verantwortung und interkulturelle Zusammenarbeit immer wichtiger werden, hat der Dienst in einem [&hellip;]<\/p>\n","protected":false},"author":2,"featured_media":0,"parent":0,"menu_order":0,"comment_status":"closed","ping_status":"closed","template":"page-template.php","meta":[],"_links":{"self":[{"href":"http:\/\/www.patrickglandorf.com\/index.php?rest_route=\/wp\/v2\/pages\/49"}],"collection":[{"href":"http:\/\/www.patrickglandorf.com\/index.php?rest_route=\/wp\/v2\/pages"}],"about":[{"href":"http:\/\/www.patrickglandorf.com\/index.php?rest_route=\/wp\/v2\/types\/page"}],"author":[{"embeddable":true,"href":"http:\/\/www.patrickglandorf.com\/index.php?rest_route=\/wp\/v2\/users\/2"}],"replies":[{"embeddable":true,"href":"http:\/\/www.patrickglandorf.com\/index.php?rest_route=%2Fwp%2Fv2%2Fcomments&post=49"}],"version-history":[{"count":45,"href":"http:\/\/www.patrickglandorf.com\/index.php?rest_route=\/wp\/v2\/pages\/49\/revisions"}],"predecessor-version":[{"id":624,"href":"http:\/\/www.patrickglandorf.com\/index.php?rest_route=\/wp\/v2\/pages\/49\/revisions\/624"}],"wp:attachment":[{"href":"http:\/\/www.patrickglandorf.com\/index.php?rest_route=%2Fwp%2Fv2%2Fmedia&parent=49"}],"curies":[{"name":"wp","href":"https:\/\/api.w.org\/{rel}","templated":true}]}}